{"id":130,"date":"2022-09-25T16:09:11","date_gmt":"2022-09-25T14:09:11","guid":{"rendered":"https:\/\/sunrisejobs.eu\/pocetna\/"},"modified":"2022-09-25T18:53:24","modified_gmt":"2022-09-25T16:53:24","slug":"home","status":"publish","type":"page","link":"https:\/\/sunrisejobs.eu\/en\/","title":{"rendered":"Home"},"content":{"rendered":"\t<section class=\"section dark\" id=\"section_1255140379\">\n\t\t<div class=\"bg section-bg fill bg-fill  \" >\n\n\t\t\t\n\t\t\t<div class=\"section-bg-overlay absolute fill\"><\/div><button class=\"scroll-for-more z-5 icon absolute bottom h-center\" aria-label=\"Scroll for more\"><i class=\"icon-angle-down\" style=\"font-size:42px;\" ><\/i><\/button>\n\t\t\t\n\n\t\t<\/div>\n\n\t\t\n\t<div class=\"ux-shape-divider ux-shape-divider--bottom ux-shape-divider--style-waves-opacity-2\">\n\t\t<svg viewBox=\"0 0 1000 300\" xmlns=\"http:\/\/www.w3.org\/2000\/svg\" preserveAspectRatio=\"none\">\n  <path class=\"ux-shape-fill\" opacity=\"0.15\" d=\"M0 299L-2 19.9998C153 -16.0002 308 155 413 184C515.64 212.35 562 152 645 153C725 154 787 206 874 233C939.54 253.34 975 248 1000 244.61V299H0Z\"\/>\n  <path class=\"ux-shape-fill\" opacity=\"0.3\" d=\"M0 300L-2 34C155 -9.00003 300 178 403 212C504.11 245.38 562 165 645 166C725 167 790.09 220.07 874 253C939.21 278.59 978.07 269.72 1000 263.61V300H0Z\"\/>\n  <path class=\"ux-shape-fill\" d=\"M0 300L-1 69.7099C216 56.9999 299.47 198.86 403 226C506 253 577 196 660 197C740 198 790.09 234.07 874 267C935.23 291 982 282.61 1000 277.61V300H0Z\"\/>\n<\/svg>\n\t<\/div>\n\n\t\t<div class=\"section-content relative\">\n\t\t\t\n\t<div id=\"gap-1835806220\" class=\"gap-element clearfix\" style=\"display:block; height:auto;\">\n\t\t\n<style>\n#gap-1835806220 {\n  padding-top: 50px;\n}\n@media (min-width:550px) {\n  #gap-1835806220 {\n    padding-top: 20px;\n  }\n}\n@media (min-width:850px) {\n  #gap-1835806220 {\n    padding-top: 30px;\n  }\n}\n<\/style>\n\t<\/div>\n\t\n<div class=\"row\"  id=\"row-579972169\">\n\n\t<div id=\"col-253980863\" class=\"col medium-9 small-12 large-7\"  >\n\t\t\t\t<div class=\"col-inner\"  >\n\t\t\t\n\t\t\t\n<h2><span style=\"font-size: 150%;\">Leave the job of finding quality workers to us<br \/>\n<\/span><\/h2>\n<p><span style=\"font-size: 100%;\">Sunrise Jobs allows companies to quickly find and hire foreign workers from Nepal, Philippines, India, Malaysia as new team members!<\/span><\/p>\n<a href=\"https:\/\/sunrisejobs.eu\/en\/services\/\" target=\"_self\" class=\"button secondary reveal-icon\"  style=\"border-radius:4px;\">\n    <span>Our services<\/span>\n  <i class=\"icon-angle-right\" aria-hidden=\"true\" ><\/i><\/a>\n\n\t\t<\/div>\n\t\t\t\t\t<\/div>\n\n\t\n<\/div>\n\t<div id=\"gap-1774155429\" class=\"gap-element clearfix\" style=\"display:block; height:auto;\">\n\t\t\n<style>\n#gap-1774155429 {\n  padding-top: 50px;\n}\n@media (min-width:550px) {\n  #gap-1774155429 {\n    padding-top: 20px;\n  }\n}\n@media (min-width:850px) {\n  #gap-1774155429 {\n    padding-top: 30px;\n  }\n}\n<\/style>\n\t<\/div>\n\t\n\t\t<\/div>\n\n\t\t\n<style>\n#section_1255140379 {\n  padding-top: 40px;\n  padding-bottom: 40px;\n}\n#section_1255140379 .section-bg-overlay {\n  background-color: rgba(0, 0, 0, 0.326);\n}\n#section_1255140379 .section-bg.bg-loaded {\n  background-image: url(https:\/\/sunrisejobs.eu\/wp-content\/uploads\/2022\/09\/business-women-celebrating-a-success-high-fiving-i-2022-03-16-22-06-08-utc.jpeg);\n}\n#section_1255140379 .section-bg {\n  background-position: 60% 47%;\n}\n#section_1255140379 .ux-shape-divider--top svg {\n  height: 150px;\n  --divider-top-width: 100%;\n}\n#section_1255140379 .ux-shape-divider--bottom svg {\n  height: 50px;\n  --divider-width: 100%;\n}\n@media (min-width:550px) {\n  #section_1255140379 {\n    padding-top: 60px;\n    padding-bottom: 60px;\n  }\n}\n@media (min-width:850px) {\n  #section_1255140379 {\n    padding-top: 150px;\n    padding-bottom: 150px;\n  }\n}\n<\/style>\n\t<\/section>\n\t\n\t<section class=\"section\" id=\"section_682120986\">\n\t\t<div class=\"bg section-bg fill bg-fill  bg-loaded\" >\n\n\t\t\t\n\t\t\t\n\t\t\t\n\n\t\t<\/div>\n\n\t\t\n\n\t\t<div class=\"section-content relative\">\n\t\t\t\n\t\t<\/div>\n\n\t\t\n<style>\n#section_682120986 {\n  padding-top: 180px;\n  padding-bottom: 180px;\n  background-color: rgb(255, 255, 255);\n}\n#section_682120986 .ux-shape-divider--top svg {\n  height: 150px;\n  --divider-top-width: 100%;\n}\n#section_682120986 .ux-shape-divider--bottom svg {\n  height: 150px;\n  --divider-width: 100%;\n}\n@media (min-width:550px) {\n  #section_682120986 {\n    padding-top: 200px;\n    padding-bottom: 200px;\n  }\n}\n@media (min-width:850px) {\n  #section_682120986 {\n    padding-top: 220px;\n    padding-bottom: 220px;\n  }\n}\n<\/style>\n\t<\/section>\n\t\n\t<section class=\"section\" id=\"section_1163786537\">\n\t\t<div class=\"bg section-bg fill bg-fill  bg-loaded\" >\n\n\t\t\t\n\t\t\t\n\t\t\t\n\n\t\t<\/div>\n\n\t\t\n\n\t\t<div class=\"section-content relative\">\n\t\t\t\n<div class=\"row align-center\"  id=\"row-46150468\">\n\n\t<div id=\"col-2102988690\" class=\"col small-12 large-12\"  >\n\t\t\t\t<div class=\"col-inner\"  >\n\t\t\t\n\t\t\t\n<div class=\"row align-center\"  id=\"row-747474181\">\n\n\t<div id=\"col-1851364819\" class=\"col medium-9 small-12 large-9\"  >\n\t\t\t\t<div class=\"col-inner text-center\"  >\n\t\t\t\n\t\t\t\n\t<div id=\"text-3169034441\" class=\"text\">\n\t\t\n<h2>What are we doing?<\/h2>\n\t\t\n<style>\n#text-3169034441 {\n  font-size: 2rem;\n}\n<\/style>\n\t<\/div>\n\t\n<p class=\"lead\">For our clients, we manage the entire human resources process, from recruitment and employment in the EU, to obtaining the necessary documentation, work permits and visas to employ foreign workers from Nepal, Philippines, India, Malaysia. The services we provide are:<\/p>\n\t\t<\/div>\n\t\t\t\t\t<\/div>\n\n\t\n<\/div>\n<div class=\"row\"  id=\"row-1104683206\">\n\n\t<div id=\"col-938407999\" class=\"col medium-4 small-12 large-4\"  >\n\t\t\t\t<div class=\"col-inner text-center box-shadow-1\"  >\n\t\t\t\n\t\t\t\n\n\t\t<div class=\"icon-box featured-box icon-box-center text-center\"  >\n\t\t\t\t\t<div class=\"icon-box-img\" style=\"width: 120px\">\n\t\t\t\t<div class=\"icon\">\n\t\t\t\t\t<div class=\"icon-inner\" >\n\t\t\t\t\t\t<img loading=\"lazy\" decoding=\"async\" width=\"300\" height=\"300\" src=\"https:\/\/sunrisejobs.eu\/wp-content\/uploads\/2022\/09\/headhunting.png\" class=\"attachment-medium size-medium\" alt=\"\" \/>\t\t\t\t\t<\/div>\n\t\t\t\t<\/div>\n\t\t\t<\/div>\n\t\t\t\t<div class=\"icon-box-text last-reset\">\n\t\t\t\t\t\t\t\t\t\n\t\t<\/div>\n\t<\/div>\n\t\n\t\n<h2>Mediation<\/h2>\n<p><span style=\"font-size: 105%;\">Selection and employment of quality workers from other countries brings many challenges. Our mediation service in hiring foreign workers also means taking full care of administration and logistics.<\/span><\/p>\n\t\t<\/div>\n\t\t\t\t\n<style>\n#col-938407999 > .col-inner {\n  padding: 30px 30px 30px 30px;\n  border-radius: 4px;\n}\n<\/style>\n\t<\/div>\n\n\t\n\n\t<div id=\"col-1097464082\" class=\"col medium-4 small-12 large-4\"  >\n\t\t\t\t<div class=\"col-inner text-center box-shadow-1\"  >\n\t\t\t\n\t\t\t\n\n\t\t<div class=\"icon-box featured-box icon-box-center text-center\"  >\n\t\t\t\t\t<div class=\"icon-box-img\" style=\"width: 120px\">\n\t\t\t\t<div class=\"icon\">\n\t\t\t\t\t<div class=\"icon-inner\" >\n\t\t\t\t\t\t<img loading=\"lazy\" decoding=\"async\" width=\"300\" height=\"300\" src=\"https:\/\/sunrisejobs.eu\/wp-content\/uploads\/2022\/09\/workers.png\" class=\"attachment-medium size-medium\" alt=\"\" \/>\t\t\t\t\t<\/div>\n\t\t\t\t<\/div>\n\t\t\t<\/div>\n\t\t\t\t<div class=\"icon-box-text last-reset\">\n\t\t\t\t\t\t\t\t\t\n\t\t<\/div>\n\t<\/div>\n\t\n\t\n<h2>Assignment workers<\/h2>\n<p><span style=\"font-size: 105%;\">Assigning workers is an ideal option when you need support in a short period of time in order to deliver the required tasks in a quality manner. In doing so, an employment contract is signed with the employee.<\/span><\/p>\n\t\t<\/div>\n\t\t\t\t\n<style>\n#col-1097464082 > .col-inner {\n  padding: 30px 30px 30px 30px;\n  border-radius: 4px;\n}\n<\/style>\n\t<\/div>\n\n\t\n\n\t<div id=\"col-955314361\" class=\"col medium-4 small-12 large-4\"  >\n\t\t\t\t<div class=\"col-inner text-center box-shadow-1\"  >\n\t\t\t\n\t\t\t\n\n\t\t<div class=\"icon-box featured-box icon-box-center text-center\"  >\n\t\t\t\t\t<div class=\"icon-box-img\" style=\"width: 120px\">\n\t\t\t\t<div class=\"icon\">\n\t\t\t\t\t<div class=\"icon-inner\" >\n\t\t\t\t\t\t<img loading=\"lazy\" decoding=\"async\" width=\"300\" height=\"300\" src=\"https:\/\/sunrisejobs.eu\/wp-content\/uploads\/2022\/09\/consultation.png\" class=\"attachment-medium size-medium\" alt=\"\" \/>\t\t\t\t\t<\/div>\n\t\t\t\t<\/div>\n\t\t\t<\/div>\n\t\t\t\t<div class=\"icon-box-text last-reset\">\n\t\t\t\t\t\t\t\t\t\n\t\t<\/div>\n\t<\/div>\n\t\n\t\n<h2>Education<\/h2>\n<p><span style=\"font-size: 105%;\">We provide our clients with an additional professional guidance service with the aim of lifelong learning. We find a solution that is individually tailored for each client, depending on his needs.\u00a0 \u00a0 \u00a0 \u00a0 \u00a0 \u00a0 \u00a0 \u00a0 \u00a0 \u00a0 \u00a0<\/span><\/p>\n\t\t<\/div>\n\t\t\t\t\n<style>\n#col-955314361 > .col-inner {\n  padding: 30px 30px 30px 30px;\n  border-radius: 4px;\n}\n<\/style>\n\t<\/div>\n\n\t\n\n<style>\n#row-1104683206 > .col > .col-inner {\n  background-color: rgb(255, 255, 255);\n}\n<\/style>\n<\/div>\n\t\t<\/div>\n\t\t\t\t\n<style>\n#col-2102988690 > .col-inner {\n  margin: -450px 0px 0px 0px;\n}\n<\/style>\n\t<\/div>\n\n\t\n<\/div>\n\t\t<\/div>\n\n\t\t\n<style>\n#section_1163786537 {\n  padding-top: 40px;\n  padding-bottom: 40px;\n  background-color: rgb(250, 250, 250);\n}\n#section_1163786537 .ux-shape-divider--top svg {\n  height: 150px;\n  --divider-top-width: 100%;\n}\n#section_1163786537 .ux-shape-divider--bottom svg {\n  height: 150px;\n  --divider-width: 100%;\n}\n@media (min-width:550px) {\n  #section_1163786537 {\n    padding-top: 40px;\n    padding-bottom: 40px;\n  }\n}\n@media (min-width:850px) {\n  #section_1163786537 {\n    padding-top: 40px;\n    padding-bottom: 40px;\n  }\n}\n<\/style>\n\t<\/section>\n\t\n\t<section class=\"section\" id=\"section_811543058\">\n\t\t<div class=\"bg section-bg fill bg-fill  bg-loaded\" >\n\n\t\t\t\n\t\t\t\n\t\t\t\n\n\t\t<\/div>\n\n\t\t\n\n\t\t<div class=\"section-content relative\">\n\t\t\t\n<div class=\"row\"  id=\"row-2083865615\">\n\n\t<div id=\"col-1746255958\" class=\"col medium-6 small-12 large-6\"  >\n\t\t\t\t<div class=\"col-inner\"  >\n\t\t\t\n\t\t\t\n<h2>Who are we?<\/h2>\n<p>We, Sunrise Jobs International, are a specialized agency for mediation in employment and assignment of foreign workers. The challenges in finding a workforce are growing in many industries, as well as the scope of work that needs to be done well. There is a solution, but employers often do not have enough capacity to dedicate themselves to the process of finding workers, especially when it comes to finding quality foreign workers.<br \/>\nOur service of providing a coordinated solution for the selection and application of employees, as well as legal, operational and tax expertise before and during the employment relationship facilitates the business of our clients. Easy and fast business deals without losing talent and providing both employees and clients with legal protection.<\/p>\n<a href=\"https:\/\/sunrisejobs.eu\/en\/about-us\/\" target=\"_self\" class=\"button secondary reveal-icon\"  >\n    <span>More about us<\/span>\n  <i class=\"icon-angle-right\" aria-hidden=\"true\" ><\/i><\/a>\n\n\t\t<\/div>\n\t\t\t\t\n<style>\n#col-1746255958 > .col-inner {\n  padding: 50px 0px 0px 0px;\n}\n<\/style>\n\t<\/div>\n\n\t\n\n\t<div id=\"col-34371494\" class=\"col medium-6 small-12 large-6 small-col-first\"  >\n\t\t\t\t<div class=\"col-inner\"  >\n\t\t\t\n\t\t\t\n\t<div class=\"img has-hover x md-x lg-x y md-y lg-y\" id=\"image_1389324705\">\n\t\t\t\t\t\t\t\t<div class=\"img-inner image-cover dark\" style=\"padding-top:100%;\">\n\t\t\t<img loading=\"lazy\" decoding=\"async\" width=\"683\" height=\"1024\" src=\"https:\/\/sunrisejobs.eu\/wp-content\/uploads\/2022\/09\/business-women-working-in-the-cafe-2021-12-11-01-17-19-utc.jpeg\" class=\"attachment-large size-large\" alt=\"\" \/>\t\t\t\t\t\t\n\t\t\t\t\t<\/div>\n\t\t\t\t\t\t\t\t\n<style>\n#image_1389324705 {\n  width: 100%;\n}\n<\/style>\n\t<\/div>\n\t\n\t\t<\/div>\n\t\t\t\t\t<\/div>\n\n\t\n<\/div>\n\t\t<\/div>\n\n\t\t\n<style>\n#section_811543058 {\n  padding-top: 10px;\n  padding-bottom: 10px;\n  background-color: rgb(250, 250, 250);\n}\n#section_811543058 .ux-shape-divider--top svg {\n  height: 150px;\n  --divider-top-width: 100%;\n}\n#section_811543058 .ux-shape-divider--bottom svg {\n  height: 150px;\n  --divider-width: 100%;\n}\n@media (min-width:550px) {\n  #section_811543058 {\n    padding-top: 10px;\n    padding-bottom: 10px;\n  }\n}\n@media (min-width:850px) {\n  #section_811543058 {\n    padding-top: 0px;\n    padding-bottom: 0px;\n  }\n}\n<\/style>\n\t<\/section>\n\t\n\t<section class=\"section\" id=\"section_1708634049\">\n\t\t<div class=\"bg section-bg fill bg-fill  bg-loaded\" >\n\n\t\t\t\n\t\t\t\n\t\t\t\n\n\t\t<\/div>\n\n\t\t\n\n\t\t<div class=\"section-content relative\">\n\t\t\t\n<div class=\"row align-center\"  id=\"row-1859111214\">\n\n\t<div id=\"col-293129660\" class=\"col medium-6 small-12 large-6\"  >\n\t\t\t\t<div class=\"col-inner text-center\"  >\n\t\t\t\n\t\t\t\n<h2>Va\u0161 prvi odabir<\/h2>\n\t\t<\/div>\n\t\t\t\t\t<\/div>\n\n\t\n<\/div>\n<div class=\"row\"  id=\"row-1309652543\">\n\n\t<div id=\"col-949865134\" class=\"col medium-3 small-6 large-3\"  >\n\t\t\t\t<div class=\"col-inner\"  >\n\t\t\t\n\t\t\t\n\n\t\t<div class=\"icon-box featured-box icon-box-center text-center\"  >\n\t\t\t\t\t<div class=\"icon-box-img has-icon-bg\" style=\"width: 80px\">\n\t\t\t\t<div class=\"icon\">\n\t\t\t\t\t<div class=\"icon-inner\" style=\"border-width:1px;color:rgb(242, 159, 5);\">\n\t\t\t\t\t\t<img loading=\"lazy\" decoding=\"async\" width=\"300\" height=\"300\" src=\"https:\/\/sunrisejobs.eu\/wp-content\/uploads\/2022\/09\/social-care.png\" class=\"attachment-medium size-medium\" alt=\"\" \/>\t\t\t\t\t<\/div>\n\t\t\t\t<\/div>\n\t\t\t<\/div>\n\t\t\t\t<div class=\"icon-box-text last-reset\">\n\t\t\t\t\t\t\t\t\t\n<h3>Support<\/h3>\n<p>Our partnership with the client is our number one priority. In the process of finding quality workers, you can always count on our support, from finding workers to administrative support.<\/p>\n\t\t<\/div>\n\t<\/div>\n\t\n\t\n\t\t<\/div>\n\t\t\t\t\t<\/div>\n\n\t\n\n\t<div id=\"col-1499987966\" class=\"col medium-3 small-6 large-3\"  >\n\t\t\t\t<div class=\"col-inner\"  >\n\t\t\t\n\t\t\t\n\n\t\t<div class=\"icon-box featured-box icon-box-center text-center\"  >\n\t\t\t\t\t<div class=\"icon-box-img has-icon-bg\" style=\"width: 80px\">\n\t\t\t\t<div class=\"icon\">\n\t\t\t\t\t<div class=\"icon-inner\" style=\"border-width:1px;color:rgb(242, 159, 5);\">\n\t\t\t\t\t\t<img loading=\"lazy\" decoding=\"async\" width=\"300\" height=\"300\" src=\"https:\/\/sunrisejobs.eu\/wp-content\/uploads\/2022\/09\/handshake.png\" class=\"attachment-medium size-medium\" alt=\"\" \/>\t\t\t\t\t<\/div>\n\t\t\t\t<\/div>\n\t\t\t<\/div>\n\t\t\t\t<div class=\"icon-box-text last-reset\">\n\t\t\t\t\t\t\t\t\t\n<h3>High quality service<\/h3>\n<p>From the first contact until the arrival of the workers, we go through every step of the process in detail to ensure that the selected workers are the best possible answer to your needs.<\/p>\n\t\t<\/div>\n\t<\/div>\n\t\n\t\n\t\t<\/div>\n\t\t\t\t\t<\/div>\n\n\t\n\n\t<div id=\"col-636399383\" class=\"col medium-3 small-6 large-3\"  >\n\t\t\t\t<div class=\"col-inner\"  >\n\t\t\t\n\t\t\t\n\n\t\t<div class=\"icon-box featured-box icon-box-center text-center\"  >\n\t\t\t\t\t<div class=\"icon-box-img has-icon-bg\" style=\"width: 80px\">\n\t\t\t\t<div class=\"icon\">\n\t\t\t\t\t<div class=\"icon-inner\" style=\"border-width:1px;color:rgb(242, 159, 5);\">\n\t\t\t\t\t\t<img loading=\"lazy\" decoding=\"async\" width=\"300\" height=\"300\" src=\"https:\/\/sunrisejobs.eu\/wp-content\/uploads\/2022\/09\/customer-service.png\" class=\"attachment-medium size-medium\" alt=\"\" \/>\t\t\t\t\t<\/div>\n\t\t\t\t<\/div>\n\t\t\t<\/div>\n\t\t\t\t<div class=\"icon-box-text last-reset\">\n\t\t\t\t\t\t\t\t\t\n<h3>Variety of services<\/h3>\n<p>We find a solution that is individually tailored to each client, depending on his needs, to effectively help you increase productivity and competitiveness in the market.<\/p>\n\t\t<\/div>\n\t<\/div>\n\t\n\t\n\t\t<\/div>\n\t\t\t\t\t<\/div>\n\n\t\n\n\t<div id=\"col-1864527959\" class=\"col medium-3 small-6 large-3\"  >\n\t\t\t\t<div class=\"col-inner\"  >\n\t\t\t\n\t\t\t\n\n\t\t<div class=\"icon-box featured-box icon-box-center text-center\"  >\n\t\t\t\t\t<div class=\"icon-box-img has-icon-bg\" style=\"width: 80px\">\n\t\t\t\t<div class=\"icon\">\n\t\t\t\t\t<div class=\"icon-inner\" style=\"border-width:1px;color:rgb(242, 159, 5);\">\n\t\t\t\t\t\t<img loading=\"lazy\" decoding=\"async\" width=\"300\" height=\"300\" src=\"https:\/\/sunrisejobs.eu\/wp-content\/uploads\/2022\/09\/experience.png\" class=\"attachment-medium size-medium\" alt=\"\" \/>\t\t\t\t\t<\/div>\n\t\t\t\t<\/div>\n\t\t\t<\/div>\n\t\t\t\t<div class=\"icon-box-text last-reset\">\n\t\t\t\t\t\t\t\t\t\n<h3>Many years of experience<\/h3>\n<p>We have been operating in the market for 5 years, during which we have established cooperation with more than 50 satisfied customers in the domestic and foreign markets.<\/p>\n\t\t<\/div>\n\t<\/div>\n\t\n\t\n\t\t<\/div>\n\t\t\t\t\t<\/div>\n\n\t\n<\/div>\n\t\t<\/div>\n\n\t\t\n<style>\n#section_1708634049 {\n  padding-top: 40px;\n  padding-bottom: 40px;\n}\n#section_1708634049 .ux-shape-divider--top svg {\n  height: 150px;\n  --divider-top-width: 100%;\n}\n#section_1708634049 .ux-shape-divider--bottom svg {\n  height: 150px;\n  --divider-width: 100%;\n}\n@media (min-width:550px) {\n  #section_1708634049 {\n    padding-top: 60px;\n    padding-bottom: 60px;\n  }\n}\n@media (min-width:850px) {\n  #section_1708634049 {\n    padding-top: 150px;\n    padding-bottom: 150px;\n  }\n}\n<\/style>\n\t<\/section>\n\t\n\t<section class=\"section\" id=\"section_812895999\">\n\t\t<div class=\"bg section-bg fill bg-fill  bg-loaded\" >\n\n\t\t\t\n\t\t\t\n\t\t\t\n\n\t\t<\/div>\n\n\t\t\n\n\t\t<div class=\"section-content relative\">\n\t\t\t\n\n<div class=\"row\"  id=\"row-99000521\">\n\n\n\t<div id=\"col-1258716398\" class=\"col small-12 large-12\"  >\n\t\t\t\t<div class=\"col-inner text-center\"  >\n\t\t\t\n\t\t\t\n<h2>Testimonial<\/h2>\n\t\t<\/div>\n\t\t\t\t\t<\/div>\n\n\t\n\n<\/div>\n<div class=\"slider-wrapper relative\" id=\"slider-487391387\" >\n    <div class=\"slider slider-nav-dots-simple slider-nav-circle slider-nav-large slider-nav-dark slider-nav-outside slider-style-normal slider-show-nav\"\n        data-flickity-options='{\n            \"cellAlign\": \"center\",\n            \"imagesLoaded\": true,\n            \"lazyLoad\": 1,\n            \"freeScroll\": false,\n            \"wrapAround\": true,\n            \"autoPlay\": 3000,\n            \"pauseAutoPlayOnHover\" : true,\n            \"prevNextButtons\": false,\n            \"contain\" : true,\n            \"adaptiveHeight\" : true,\n            \"dragThreshold\" : 10,\n            \"percentPosition\": true,\n            \"pageDots\": true,\n            \"rightToLeft\": false,\n            \"draggable\": true,\n            \"selectedAttraction\": 0.1,\n            \"parallax\" : 0,\n            \"friction\": 0.6        }'\n        >\n        \n\n<div class=\"row align-equal\"  id=\"row-1218733126\">\n\n\n\t<div id=\"col-1028024268\" class=\"col medium-6 small-12 large-6\"  >\n\t\t\t\t<div class=\"col-inner\"  >\n\t\t\t\n\t\t\t\n\n\"Na\u0161e iskustvo sa Sunrise Jobs je apsolutno za svaku pohvalu! Zbog o\u010dekivanja pada sezone 2020 u po\u010decima \u0161irenja corona virusa zaposlili smo duplo manji broj ljudi od na\u0161ih standardnih potreba, ispostavilo se da smo se na\u0161li smo se u ciku sezone bez radnika! Sunrise Jobs je usko\u010dio iznimno brzo i spasio nam sezonu i zaradu, odradili smo je zapravo bolje nego ikad.\"\n\n\n\t\t<div class=\"icon-box featured-box circle icon-box-left text-left\"  >\n\t\t\t\t\t<div class=\"icon-box-img\" style=\"width: 50px\">\n\t\t\t\t<div class=\"icon\">\n\t\t\t\t\t<div class=\"icon-inner\" >\n\t\t\t\t\t\t\t\t\t\t\t<\/div>\n\t\t\t\t<\/div>\n\t\t\t<\/div>\n\t\t\t\t<div class=\"icon-box-text last-reset\">\n\t\t\t\t\t\t\t\t\t\n\n<strong>Ivo R.<\/strong>\nDubrovnik\n\n\t\t<\/div>\n\t<\/div>\n\t\n\t\n\n\t\t<\/div>\n\t\t\t\t\n<style>\n#col-1028024268 > .col-inner {\n  margin: 0px 0px 20px 0px;\n}\n<\/style>\n\t<\/div>\n\n\t\n\n\t<div id=\"col-1027150366\" class=\"col medium-6 small-12 large-6\"  >\n\t\t\t\t<div class=\"col-inner\"  >\n\t\t\t\n\t\t\t\n\n\"Kako se pribli\u017eavala turisti\u010dka sezona, zbog nedostatka radnika na\u0161e poslovanje je bilo ozbiljno ugro\u017eeno s obzirom da smo hotelijer i ugostitelj te smo bili pani\u010dno u potrazi za radnicima koji razumiju turizam. Kako je sve te\u017ee radnu snagu na\u0107i i u susjednim zemljama, spas je do\u0161ao ni vi\u0161e ni manje nego s Filipina. Zapravo bilo je pravo \u010dudo koliko je radna snaga s Filipina, kod nas se radilo o dva kuhara i \u0161est sobarica, dobro odradila svoj posao, nismo imali \u010dak ni problema u komunikaciji. Hvala Sunrise Jobs na pomo\u0107i i pronala\u017eenju kvalitetnog tima koji je bio jako vrijedan i koji \u0107e i ovu sezonu ostati s nama!\u201c \"\n\n\n\t\t<div class=\"icon-box featured-box circle icon-box-left text-left\"  >\n\t\t\t\t<div class=\"icon-box-text last-reset\">\n\t\t\t\t\t\t\t\t\t\n\n<strong>Edo K.<\/strong>\nPula\n\n\t\t<\/div>\n\t<\/div>\n\t\n\t\n\n\t\t<\/div>\n\t\t\t\t\n<style>\n#col-1027150366 > .col-inner {\n  margin: 0px 0px 20px 0px;\n}\n<\/style>\n\t<\/div>\n\n\t\n\n\n<style>\n#row-1218733126 > .col > .col-inner {\n  padding: 30px 30px 30px 30px;\n  background-color: rgb(255,255,255);\n}\n<\/style>\n<\/div>\n<div class=\"row align-equal\"  id=\"row-290882524\">\n\n\n\t<div id=\"col-471881967\" class=\"col medium-6 small-12 large-6\"  >\n\t\t\t\t<div class=\"col-inner\"  >\n\t\t\t\n\t\t\t\n\n\"Sve pohvale Sunrise Jobs timu, pogotovo Sa\u0161i! Odli\u010dna komunikacija, korektne cijene i profesionalna usluga. Tim iz Nepala nas je ugodno iznenadio svojom ponizno\u0161\u0107u, marljivo\u0161\u0107u i toplinom.\u201c\n\n\n\t\t<div class=\"icon-box featured-box circle icon-box-left text-left\"  >\n\t\t\t\t\t<div class=\"icon-box-img\" style=\"width: 50px\">\n\t\t\t\t<div class=\"icon\">\n\t\t\t\t\t<div class=\"icon-inner\" >\n\t\t\t\t\t\t<img decoding=\"async\" src=\"{{{87}}}\" alt=\"\"\/>\t\t\t\t\t<\/div>\n\t\t\t\t<\/div>\n\t\t\t<\/div>\n\t\t\t\t<div class=\"icon-box-text last-reset\">\n\t\t\t\t\t\t\t\t\t\n\n<strong>Ana S.<\/strong>\nSplit\n\n\t\t<\/div>\n\t<\/div>\n\t\n\t\n\n\t\t<\/div>\n\t\t\t\t\n<style>\n#col-471881967 > .col-inner {\n  margin: 0px 0px 20px 0px;\n}\n<\/style>\n\t<\/div>\n\n\t\n\n\t<div id=\"col-1896324428\" class=\"col medium-6 small-12 large-6\"  >\n\t\t\t\t<div class=\"col-inner\"  >\n\t\t\t\n\t\t\t\n\n\"Odaziv Sunrise Jobs tima je nevjerojatan. Kad god se pojave problemi, sve vrlo brzo rje\u0161avaju. Posebno mi se svidjelo kako su \u201eglatko\u201c uklju\u010dili nove zaposlenike, bez obzira na zemlju.\"\n\n\n\t\t<div class=\"icon-box featured-box circle icon-box-left text-left\"  >\n\t\t\t\t\t<div class=\"icon-box-img\" style=\"width: 50px\">\n\t\t\t\t<div class=\"icon\">\n\t\t\t\t\t<div class=\"icon-inner\" >\n\t\t\t\t\t\t<img decoding=\"async\" src=\"{{{87}}}\" alt=\"\"\/>\t\t\t\t\t<\/div>\n\t\t\t\t<\/div>\n\t\t\t<\/div>\n\t\t\t\t<div class=\"icon-box-text last-reset\">\n\t\t\t\t\t\t\t\t\t\n\n<strong>Miljenko D.<\/strong>\nVara\u017edin\n\n\t\t<\/div>\n\t<\/div>\n\t\n\t\n\n\t\t<\/div>\n\t\t\t\t\n<style>\n#col-1896324428 > .col-inner {\n  margin: 0px 0px 20px 0px;\n}\n<\/style>\n\t<\/div>\n\n\t\n\n\n<style>\n#row-290882524 > .col > .col-inner {\n  padding: 30px 30px 30px 30px;\n  background-color: rgb(255,255,255);\n}\n<\/style>\n<\/div>\n\n     <\/div>\n\n     <div class=\"loading-spin dark large centered\"><\/div>\n\n     \t<\/div>\n\n\n\n\t\t<\/div>\n\n\t\t\n<style>\n#section_812895999 {\n  padding-top: 60px;\n  padding-bottom: 60px;\n  background-color: rgb(250, 250, 250);\n}\n#section_812895999 .ux-shape-divider--top svg {\n  height: 150px;\n  --divider-top-width: 100%;\n}\n#section_812895999 .ux-shape-divider--bottom svg {\n  height: 150px;\n  --divider-width: 100%;\n}\n<\/style>\n\t<\/section>\n\t\n\t<section class=\"section\" id=\"section_2105352979\">\n\t\t<div class=\"bg section-bg fill bg-fill  bg-loaded\" >\n\n\t\t\t\n\t\t\t\n\t\t\t\n\n\t\t<\/div>\n\n\t\t\n\n\t\t<div class=\"section-content relative\">\n\t\t\t\n\n<div class=\"row align-center\"  id=\"row-1681956701\">\n\n\n\t<div id=\"col-516825230\" class=\"col medium-8 small-12 large-8\"  >\n\t\t\t\t<div class=\"col-inner\"  >\n\t\t\t\n\t\t\t\n\n\n\t\t<div class=\"icon-box featured-box icon-box-center text-center\"  >\n\t\t\t\t\t<div class=\"icon-box-img\" style=\"width: 80px\">\n\t\t\t\t<div class=\"icon\">\n\t\t\t\t\t<div class=\"icon-inner\" >\n\t\t\t\t\t\t\t\t\t\t\t<\/div>\n\t\t\t\t<\/div>\n\t\t\t<\/div>\n\t\t\t\t<div class=\"icon-box-text last-reset\">\n\t\t\t\t\t\t\t\t\t\n\n<h2><span style=\"font-size: 150%;\">Feel free to contact with us<\/span><\/h2>\n<p>Explain your situation, contact us and we will find a solution for you!<\/p>\n\n<a class=\"button secondary\"  >\n    <span>Contact us<\/span>\n  <\/a>\n\n\n\n\t\t<\/div>\n\t<\/div>\n\t\n\t\n\n\t\t<\/div>\n\t\t\t\t\t<\/div>\n\n\t\n\n<\/div>\n\n\t\t<\/div>\n\n\t\t\n<style>\n#section_2105352979 {\n  padding-top: 60px;\n  padding-bottom: 60px;\n}\n#section_2105352979 .ux-shape-divider--top svg {\n  height: 150px;\n  --divider-top-width: 100%;\n}\n#section_2105352979 .ux-shape-divider--bottom svg {\n  height: 150px;\n  --divider-width: 100%;\n}\n@media (min-width:550px) {\n  #section_2105352979 {\n    padding-top: 100px;\n    padding-bottom: 100px;\n  }\n}\n@media (min-width:850px) {\n  #section_2105352979 {\n    padding-top: 150px;\n    padding-bottom: 150px;\n  }\n}\n<\/style>\n\t<\/section>\n\t\n","protected":false},"excerpt":{"rendered":"","protected":false},"author":1,"featured_media":0,"parent":0,"menu_order":0,"comment_status":"closed","ping_status":"closed","template":"page-blank.php","meta":{"footnotes":""},"class_list":["post-130","page","type-page","status-publish","hentry"],"_links":{"self":[{"href":"https:\/\/sunrisejobs.eu\/en\/wp-json\/wp\/v2\/pages\/130","targetHints":{"allow":["GET"]}}],"collection":[{"href":"https:\/\/sunrisejobs.eu\/en\/wp-json\/wp\/v2\/pages"}],"about":[{"href":"https:\/\/sunrisejobs.eu\/en\/wp-json\/wp\/v2\/types\/page"}],"author":[{"embeddable":true,"href":"https:\/\/sunrisejobs.eu\/en\/wp-json\/wp\/v2\/users\/1"}],"replies":[{"embeddable":true,"href":"https:\/\/sunrisejobs.eu\/en\/wp-json\/wp\/v2\/comments?post=130"}],"version-history":[{"count":5,"href":"https:\/\/sunrisejobs.eu\/en\/wp-json\/wp\/v2\/pages\/130\/revisions"}],"predecessor-version":[{"id":183,"href":"https:\/\/sunrisejobs.eu\/en\/wp-json\/wp\/v2\/pages\/130\/revisions\/183"}],"wp:attachment":[{"href":"https:\/\/sunrisejobs.eu\/en\/wp-json\/wp\/v2\/media?parent=130"}],"curies":[{"name":"wp","href":"https:\/\/api.w.org\/{rel}","templated":true}]}}